{"id":42,"date":"2023-06-26T12:59:54","date_gmt":"2023-06-26T10:59:54","guid":{"rendered":"http:\/\/toiturecouverture.com\/?page_id=42"},"modified":"2023-06-26T14:00:04","modified_gmt":"2023-06-26T12:00:04","slug":"demande-de-devis-rendez-vous-esm-calais-toiture-couverture","status":"publish","type":"page","link":"https:\/\/toiturecouverture.com\/index.php\/demande-de-devis-rendez-vous-esm-calais-toiture-couverture\/","title":{"rendered":"Demande de devis &#038; rendez-vous"},"content":{"rendered":"\n<div class=\"wpcf7 no-js\" id=\"wpcf7-f75-o1\" lang=\"fr-FR\" dir=\"ltr\">\n<div class=\"screen-reader-response\"><p role=\"status\" aria-live=\"polite\" aria-atomic=\"true\"><\/p> <ul><\/ul><\/div>\n<form action=\"\/index.php\/wp-json\/wp\/v2\/pages\/42#wpcf7-f75-o1\" method=\"post\" class=\"wpcf7-form init\" aria-label=\"Formulaire de contact\" novalidate=\"novalidate\" data-status=\"init\">\n<div style=\"display: none;\">\n<input type=\"hidden\" name=\"_wpcf7\" value=\"75\" \/>\n<input type=\"hidden\" name=\"_wpcf7_version\" value=\"5.8.2\" \/>\n<input type=\"hidden\" name=\"_wpcf7_locale\" value=\"fr_FR\" \/>\n<input type=\"hidden\" name=\"_wpcf7_unit_tag\" value=\"wpcf7-f75-o1\" \/>\n<input type=\"hidden\" name=\"_wpcf7_container_post\" value=\"0\" \/>\n<input type=\"hidden\" name=\"_wpcf7_posted_data_hash\" value=\"\" \/>\n<\/div>\n<p><label> Votre nom<br \/>\n<span class=\"wpcf7-form-control-wrap\" data-name=\"your-name\"><input size=\"40\" class=\"wpcf7-form-control wpcf7-text wpcf7-validates-as-required\" autocomplete=\"name\" aria-required=\"true\" aria-invalid=\"false\" value=\"\" type=\"text\" name=\"your-name\" \/><\/span> <\/label><br \/>\n<label> Votre portable<br \/>\n<span class=\"wpcf7-form-control-wrap\" data-name=\"tel-869\"><input size=\"40\" class=\"wpcf7-form-control wpcf7-tel wpcf7-validates-as-required wpcf7-text wpcf7-validates-as-tel\" aria-required=\"true\" aria-invalid=\"false\" value=\"\" type=\"tel\" name=\"tel-869\" \/><\/span><\/label>\n<\/p>\n<p><label> Votre e-mail<br \/>\n<span class=\"wpcf7-form-control-wrap\" data-name=\"your-email\"><input size=\"40\" class=\"wpcf7-form-control wpcf7-email wpcf7-validates-as-required wpcf7-text wpcf7-validates-as-email\" autocomplete=\"email\" aria-required=\"true\" aria-invalid=\"false\" value=\"\" type=\"email\" name=\"your-email\" \/><\/span> <\/label>\n<\/p>\n<p><label> Les travaux envisag\u00e9s<br \/>\n<span class=\"wpcf7-form-control-wrap\" data-name=\"your-subject\"><input size=\"40\" class=\"wpcf7-form-control wpcf7-text wpcf7-validates-as-required\" aria-required=\"true\" aria-invalid=\"false\" value=\"\" type=\"text\" name=\"your-subject\" \/><\/span> <\/label>\n<\/p>\n<p><label> Vos disponibilit\u00e9s(facultatif)<br \/>\n<span class=\"wpcf7-form-control-wrap\" data-name=\"your-message\"><textarea cols=\"40\" rows=\"10\" class=\"wpcf7-form-control wpcf7-textarea\" aria-invalid=\"false\" name=\"your-message\"><\/textarea><\/span> <\/label>\n<\/p>\n<p><input class=\"wpcf7-form-control wpcf7-submit has-spinner\" type=\"submit\" value=\"Envoyer\" \/>\n<\/p><div class=\"wpcf7-response-output\" aria-hidden=\"true\"><\/div>\n<\/form>\n<\/div>\n\n","protected":false},"excerpt":{"rendered":"","protected":false},"author":1,"featured_media":78,"parent":0,"menu_order":0,"comment_status":"closed","ping_status":"closed","template":"","meta":{"footnotes":""},"class_list":["post-42","page","type-page","status-publish","has-post-thumbnail","hentry","style--link-1"],"yoast_head":"<!-- This site is optimized with the Yoast SEO plugin v27.3 - https:\/\/yoast.com\/product\/yoast-seo-wordpress\/ -->\n<title>Demande de devis &amp; rendez-vous - Toiture et couverture<\/title>\n<meta name=\"description\" content=\"ESM Toiture Couverture intervient \u00e0 Calais et dans le Calaisis. Nos devis sont gratuits. Un artisan \u00e0 l&#039;\u00e9coute de vos projets.\" \/>\n<meta name=\"robots\" content=\"index, follow, max-snippet:-1, max-image-preview:large, max-video-preview:-1\" \/>\n<link rel=\"canonical\" href=\"https:\/\/toiturecouverture.com\/index.php\/demande-de-devis-rendez-vous-esm-calais-toiture-couverture\/\" \/>\n<meta property=\"og:locale\" content=\"fr_FR\" \/>\n<meta property=\"og:type\" content=\"article\" \/>\n<meta property=\"og:title\" content=\"Demande de devis &amp; rendez-vous - Toiture et couverture\" \/>\n<meta property=\"og:description\" content=\"ESM Toiture Couverture intervient \u00e0 Calais et dans le Calaisis. Nos devis sont gratuits. Un artisan \u00e0 l&#039;\u00e9coute de vos projets.\" \/>\n<meta property=\"og:url\" content=\"https:\/\/toiturecouverture.com\/index.php\/demande-de-devis-rendez-vous-esm-calais-toiture-couverture\/\" \/>\n<meta property=\"og:site_name\" content=\"Toiture et couverture\" \/>\n<meta property=\"article:modified_time\" content=\"2023-06-26T12:00:04+00:00\" \/>\n<meta property=\"og:image\" content=\"https:\/\/toiturecouverture.com\/wp-content\/uploads\/2023\/06\/diary-582976_640.jpg\" \/>\n\t<meta property=\"og:image:width\" content=\"480\" \/>\n\t<meta property=\"og:image:height\" content=\"640\" \/>\n\t<meta property=\"og:image:type\" content=\"image\/jpeg\" \/>\n<meta name=\"twitter:card\" content=\"summary_large_image\" \/>\n<meta name=\"twitter:label1\" content=\"Dur\u00e9e de lecture estim\u00e9e\" \/>\n\t<meta name=\"twitter:data1\" content=\"1 minute\" \/>\n<script type=\"application\/ld+json\" class=\"yoast-schema-graph\">{\"@context\":\"https:\\\/\\\/schema.org\",\"@graph\":[{\"@type\":\"WebPage\",\"@id\":\"https:\\\/\\\/toiturecouverture.com\\\/index.php\\\/demande-de-devis-rendez-vous-esm-calais-toiture-couverture\\\/\",\"url\":\"https:\\\/\\\/toiturecouverture.com\\\/index.php\\\/demande-de-devis-rendez-vous-esm-calais-toiture-couverture\\\/\",\"name\":\"Demande de devis & rendez-vous - Toiture et couverture\",\"isPartOf\":{\"@id\":\"https:\\\/\\\/toiturecouverture.com\\\/#website\"},\"primaryImageOfPage\":{\"@id\":\"https:\\\/\\\/toiturecouverture.com\\\/index.php\\\/demande-de-devis-rendez-vous-esm-calais-toiture-couverture\\\/#primaryimage\"},\"image\":{\"@id\":\"https:\\\/\\\/toiturecouverture.com\\\/index.php\\\/demande-de-devis-rendez-vous-esm-calais-toiture-couverture\\\/#primaryimage\"},\"thumbnailUrl\":\"https:\\\/\\\/toiturecouverture.com\\\/wp-content\\\/uploads\\\/2023\\\/06\\\/diary-582976_640.jpg\",\"datePublished\":\"2023-06-26T10:59:54+00:00\",\"dateModified\":\"2023-06-26T12:00:04+00:00\",\"description\":\"ESM Toiture Couverture intervient \u00e0 Calais et dans le Calaisis. Nos devis sont gratuits. Un artisan \u00e0 l'\u00e9coute de vos projets.\",\"breadcrumb\":{\"@id\":\"https:\\\/\\\/toiturecouverture.com\\\/index.php\\\/demande-de-devis-rendez-vous-esm-calais-toiture-couverture\\\/#breadcrumb\"},\"inLanguage\":\"fr-FR\",\"potentialAction\":[{\"@type\":\"ReadAction\",\"target\":[\"https:\\\/\\\/toiturecouverture.com\\\/index.php\\\/demande-de-devis-rendez-vous-esm-calais-toiture-couverture\\\/\"]}]},{\"@type\":\"ImageObject\",\"inLanguage\":\"fr-FR\",\"@id\":\"https:\\\/\\\/toiturecouverture.com\\\/index.php\\\/demande-de-devis-rendez-vous-esm-calais-toiture-couverture\\\/#primaryimage\",\"url\":\"https:\\\/\\\/toiturecouverture.com\\\/wp-content\\\/uploads\\\/2023\\\/06\\\/diary-582976_640.jpg\",\"contentUrl\":\"https:\\\/\\\/toiturecouverture.com\\\/wp-content\\\/uploads\\\/2023\\\/06\\\/diary-582976_640.jpg\",\"width\":480,\"height\":640},{\"@type\":\"BreadcrumbList\",\"@id\":\"https:\\\/\\\/toiturecouverture.com\\\/index.php\\\/demande-de-devis-rendez-vous-esm-calais-toiture-couverture\\\/#breadcrumb\",\"itemListElement\":[{\"@type\":\"ListItem\",\"position\":1,\"name\":\"Accueil\",\"item\":\"https:\\\/\\\/toiturecouverture.com\\\/\"},{\"@type\":\"ListItem\",\"position\":2,\"name\":\"Demande de devis &#038; rendez-vous\"}]},{\"@type\":\"WebSite\",\"@id\":\"https:\\\/\\\/toiturecouverture.com\\\/#website\",\"url\":\"https:\\\/\\\/toiturecouverture.com\\\/\",\"name\":\"Toiture et couverture\",\"description\":\"\",\"alternateName\":\"Couvreur Calais ESM Toiture Couverture\",\"potentialAction\":[{\"@type\":\"SearchAction\",\"target\":{\"@type\":\"EntryPoint\",\"urlTemplate\":\"https:\\\/\\\/toiturecouverture.com\\\/?s={search_term_string}\"},\"query-input\":{\"@type\":\"PropertyValueSpecification\",\"valueRequired\":true,\"valueName\":\"search_term_string\"}}],\"inLanguage\":\"fr-FR\"}]}<\/script>\n<!-- \/ Yoast SEO plugin. -->","yoast_head_json":{"title":"Demande de devis & rendez-vous - Toiture et couverture","description":"ESM Toiture Couverture intervient \u00e0 Calais et dans le Calaisis. Nos devis sont gratuits. Un artisan \u00e0 l'\u00e9coute de vos projets.","robots":{"index":"index","follow":"follow","max-snippet":"max-snippet:-1","max-image-preview":"max-image-preview:large","max-video-preview":"max-video-preview:-1"},"canonical":"https:\/\/toiturecouverture.com\/index.php\/demande-de-devis-rendez-vous-esm-calais-toiture-couverture\/","og_locale":"fr_FR","og_type":"article","og_title":"Demande de devis & rendez-vous - Toiture et couverture","og_description":"ESM Toiture Couverture intervient \u00e0 Calais et dans le Calaisis. Nos devis sont gratuits. Un artisan \u00e0 l'\u00e9coute de vos projets.","og_url":"https:\/\/toiturecouverture.com\/index.php\/demande-de-devis-rendez-vous-esm-calais-toiture-couverture\/","og_site_name":"Toiture et couverture","article_modified_time":"2023-06-26T12:00:04+00:00","og_image":[{"width":480,"height":640,"url":"https:\/\/toiturecouverture.com\/wp-content\/uploads\/2023\/06\/diary-582976_640.jpg","type":"image\/jpeg"}],"twitter_card":"summary_large_image","twitter_misc":{"Dur\u00e9e de lecture estim\u00e9e":"1 minute"},"schema":{"@context":"https:\/\/schema.org","@graph":[{"@type":"WebPage","@id":"https:\/\/toiturecouverture.com\/index.php\/demande-de-devis-rendez-vous-esm-calais-toiture-couverture\/","url":"https:\/\/toiturecouverture.com\/index.php\/demande-de-devis-rendez-vous-esm-calais-toiture-couverture\/","name":"Demande de devis & rendez-vous - Toiture et couverture","isPartOf":{"@id":"https:\/\/toiturecouverture.com\/#website"},"primaryImageOfPage":{"@id":"https:\/\/toiturecouverture.com\/index.php\/demande-de-devis-rendez-vous-esm-calais-toiture-couverture\/#primaryimage"},"image":{"@id":"https:\/\/toiturecouverture.com\/index.php\/demande-de-devis-rendez-vous-esm-calais-toiture-couverture\/#primaryimage"},"thumbnailUrl":"https:\/\/toiturecouverture.com\/wp-content\/uploads\/2023\/06\/diary-582976_640.jpg","datePublished":"2023-06-26T10:59:54+00:00","dateModified":"2023-06-26T12:00:04+00:00","description":"ESM Toiture Couverture intervient \u00e0 Calais et dans le Calaisis. Nos devis sont gratuits. Un artisan \u00e0 l'\u00e9coute de vos projets.","breadcrumb":{"@id":"https:\/\/toiturecouverture.com\/index.php\/demande-de-devis-rendez-vous-esm-calais-toiture-couverture\/#breadcrumb"},"inLanguage":"fr-FR","potentialAction":[{"@type":"ReadAction","target":["https:\/\/toiturecouverture.com\/index.php\/demande-de-devis-rendez-vous-esm-calais-toiture-couverture\/"]}]},{"@type":"ImageObject","inLanguage":"fr-FR","@id":"https:\/\/toiturecouverture.com\/index.php\/demande-de-devis-rendez-vous-esm-calais-toiture-couverture\/#primaryimage","url":"https:\/\/toiturecouverture.com\/wp-content\/uploads\/2023\/06\/diary-582976_640.jpg","contentUrl":"https:\/\/toiturecouverture.com\/wp-content\/uploads\/2023\/06\/diary-582976_640.jpg","width":480,"height":640},{"@type":"BreadcrumbList","@id":"https:\/\/toiturecouverture.com\/index.php\/demande-de-devis-rendez-vous-esm-calais-toiture-couverture\/#breadcrumb","itemListElement":[{"@type":"ListItem","position":1,"name":"Accueil","item":"https:\/\/toiturecouverture.com\/"},{"@type":"ListItem","position":2,"name":"Demande de devis &#038; rendez-vous"}]},{"@type":"WebSite","@id":"https:\/\/toiturecouverture.com\/#website","url":"https:\/\/toiturecouverture.com\/","name":"Toiture et couverture","description":"","alternateName":"Couvreur Calais ESM Toiture Couverture","potentialAction":[{"@type":"SearchAction","target":{"@type":"EntryPoint","urlTemplate":"https:\/\/toiturecouverture.com\/?s={search_term_string}"},"query-input":{"@type":"PropertyValueSpecification","valueRequired":true,"valueName":"search_term_string"}}],"inLanguage":"fr-FR"}]}},"_links":{"self":[{"href":"https:\/\/toiturecouverture.com\/index.php\/wp-json\/wp\/v2\/pages\/42","targetHints":{"allow":["GET"]}}],"collection":[{"href":"https:\/\/toiturecouverture.com\/index.php\/wp-json\/wp\/v2\/pages"}],"about":[{"href":"https:\/\/toiturecouverture.com\/index.php\/wp-json\/wp\/v2\/types\/page"}],"author":[{"embeddable":true,"href":"https:\/\/toiturecouverture.com\/index.php\/wp-json\/wp\/v2\/users\/1"}],"replies":[{"embeddable":true,"href":"https:\/\/toiturecouverture.com\/index.php\/wp-json\/wp\/v2\/comments?post=42"}],"version-history":[{"count":3,"href":"https:\/\/toiturecouverture.com\/index.php\/wp-json\/wp\/v2\/pages\/42\/revisions"}],"predecessor-version":[{"id":77,"href":"https:\/\/toiturecouverture.com\/index.php\/wp-json\/wp\/v2\/pages\/42\/revisions\/77"}],"wp:featuredmedia":[{"embeddable":true,"href":"https:\/\/toiturecouverture.com\/index.php\/wp-json\/wp\/v2\/media\/78"}],"wp:attachment":[{"href":"https:\/\/toiturecouverture.com\/index.php\/wp-json\/wp\/v2\/media?parent=42"}],"curies":[{"name":"wp","href":"https:\/\/api.w.org\/{rel}","templated":true}]}}